{"id":18,"date":"2022-05-17T10:38:25","date_gmt":"2022-05-17T08:38:25","guid":{"rendered":"https:\/\/locvalloire.com\/?page_id=18"},"modified":"2023-12-14T15:04:51","modified_gmt":"2023-12-14T14:04:51","slug":"contact","status":"publish","type":"page","link":"https:\/\/locvalloire.com\/index.php\/contact\/","title":{"rendered":"contact"},"content":{"rendered":"\t\t<div data-elementor-type=\"wp-page\" data-elementor-id=\"18\" class=\"elementor elementor-18\">\n\t\t\t\t\t\t<section class=\"elementor-section elementor-top-section elementor-element elementor-element-c306203 elementor-section-boxed elementor-section-height-default elementor-section-height-default\" data-id=\"c306203\" data-element_type=\"section\" data-e-type=\"section\">\n\t\t\t\t\t\t<div class=\"elementor-container elementor-column-gap-default\">\n\t\t\t\t\t<div class=\"elementor-column elementor-col-33 elementor-top-column elementor-element elementor-element-66698bc\" data-id=\"66698bc\" data-element_type=\"column\" data-e-type=\"column\">\n\t\t\t<div class=\"elementor-widget-wrap elementor-element-populated\">\n\t\t\t\t\t\t<div class=\"elementor-element elementor-element-949585e elementor-widget elementor-widget-heading\" data-id=\"949585e\" data-element_type=\"widget\" data-e-type=\"widget\" data-widget_type=\"heading.default\">\n\t\t\t\t<div class=\"elementor-widget-container\">\n\t\t\t\t\t<h2 class=\"elementor-heading-title elementor-size-default\">Les propri\u00e9taires<\/h2>\t\t\t\t<\/div>\n\t\t\t\t<\/div>\n\t\t\t\t<div class=\"elementor-element elementor-element-e400572 elementor-widget elementor-widget-text-editor\" data-id=\"e400572\" data-element_type=\"widget\" data-e-type=\"widget\" data-widget_type=\"text-editor.default\">\n\t\t\t\t<div class=\"elementor-widget-container\">\n\t\t\t\t\t\t\t\t\t<p><span style=\"color: var( --e-global-color-text ); font-family: var( --e-global-typography-text-font-family ), Sans-serif; font-weight: var( --e-global-typography-text-font-weight );\">Martine FAVEAU (appartement 2<\/span> pi\u00e8ces) +33607049851<\/p><p><span style=\"color: var( --e-global-color-text ); font-family: var( --e-global-typography-text-font-family ), Sans-serif; font-weight: var( --e-global-typography-text-font-weight );\">Alain MARCEIX (app 3 pi\u00e8ces) +33676949722<\/span><\/p><p>\u00a0<\/p>\t\t\t\t\t\t\t\t<\/div>\n\t\t\t\t<\/div>\n\t\t\t\t<div class=\"elementor-element elementor-element-f0017a4 elementor-view-default elementor-widget elementor-widget-icon\" data-id=\"f0017a4\" data-element_type=\"widget\" data-e-type=\"widget\" data-widget_type=\"icon.default\">\n\t\t\t\t<div class=\"elementor-widget-container\">\n\t\t\t\t\t\t\t<div class=\"elementor-icon-wrapper\">\n\t\t\t<div class=\"elementor-icon\">\n\t\t\t<i aria-hidden=\"true\" class=\"fas fa-phone-volume\"><\/i>\t\t\t<\/div>\n\t\t<\/div>\n\t\t\t\t\t\t<\/div>\n\t\t\t\t<\/div>\n\t\t\t\t<div class=\"elementor-element elementor-element-bc4e7c4 elementor-widget elementor-widget-text-editor\" data-id=\"bc4e7c4\" data-element_type=\"widget\" data-e-type=\"widget\" data-widget_type=\"text-editor.default\">\n\t\t\t\t<div class=\"elementor-widget-container\">\n\t\t\t\t\t\t\t\t\t<p>\u00a0<span style=\"color: var( --e-global-color-text ); font-family: var( --e-global-typography-text-font-family ), Sans-serif; font-weight: var( --e-global-typography-text-font-weight );\">2 C avenue Eisenhower\u00a0<\/span><\/p><p>84000 AVIGNON<\/p>\t\t\t\t\t\t\t\t<\/div>\n\t\t\t\t<\/div>\n\t\t\t\t<div class=\"elementor-element elementor-element-8904d2b elementor-view-default elementor-widget elementor-widget-icon\" data-id=\"8904d2b\" data-element_type=\"widget\" data-e-type=\"widget\" data-widget_type=\"icon.default\">\n\t\t\t\t<div class=\"elementor-widget-container\">\n\t\t\t\t\t\t\t<div class=\"elementor-icon-wrapper\">\n\t\t\t<div class=\"elementor-icon\">\n\t\t\t<i aria-hidden=\"true\" class=\"fas fa-mail-bulk\"><\/i>\t\t\t<\/div>\n\t\t<\/div>\n\t\t\t\t\t\t<\/div>\n\t\t\t\t<\/div>\n\t\t\t\t<div class=\"elementor-element elementor-element-41a1a18 elementor-widget elementor-widget-text-editor\" data-id=\"41a1a18\" data-element_type=\"widget\" data-e-type=\"widget\" data-widget_type=\"text-editor.default\">\n\t\t\t\t<div class=\"elementor-widget-container\">\n\t\t\t\t\t\t\t\t\t<p>martine.faveau@live.com<\/p>\t\t\t\t\t\t\t\t<\/div>\n\t\t\t\t<\/div>\n\t\t\t\t<div class=\"elementor-element elementor-element-23a810a elementor-widget elementor-widget-text-editor\" data-id=\"23a810a\" data-element_type=\"widget\" data-e-type=\"widget\" data-widget_type=\"text-editor.default\">\n\t\t\t\t<div class=\"elementor-widget-container\">\n\t\t\t\t\t\t\t\t\t<p>alain.marceix@laposte.net<\/p>\t\t\t\t\t\t\t\t<\/div>\n\t\t\t\t<\/div>\n\t\t\t\t\t<\/div>\n\t\t<\/div>\n\t\t\t\t<div class=\"elementor-column elementor-col-66 elementor-top-column elementor-element elementor-element-b4a1482\" data-id=\"b4a1482\" data-element_type=\"column\" data-e-type=\"column\">\n\t\t\t<div class=\"elementor-widget-wrap\">\n\t\t\t\t\t\t\t<\/div>\n\t\t<\/div>\n\t\t\t\t\t<\/div>\n\t\t<\/section>\n\t\t\t\t<\/div>\n\t\t","protected":false},"excerpt":{"rendered":"<p>Les propri\u00e9taires Martine FAVEAU (appartement 2 pi\u00e8ces) +33607049851 Alain MARCEIX (app 3 pi\u00e8ces) +33676949722 \u00a0 \u00a02 C avenue Eisenhower\u00a0 84000 AVIGNON martine.faveau@live.com alain.marceix@laposte.net<\/p>\n","protected":false},"author":1,"featured_media":0,"parent":0,"menu_order":0,"comment_status":"closed","ping_status":"closed","template":"","meta":{"footnotes":""},"class_list":["post-18","page","type-page","status-publish","hentry"],"yoast_head":"<!-- This site is optimized with the Yoast SEO plugin v26.4 - https:\/\/yoast.com\/wordpress\/plugins\/seo\/ -->\n<title>contact - LocValloire<\/title>\n<meta name=\"description\" content=\"Vos vacances \u00e0 la montagne. Valloire station village savoyarde. Location pied des pistes. Piscine chauff\u00e9e. Ski, animation, concerts ...\" \/>\n<meta name=\"robots\" content=\"index, follow, max-snippet:-1, max-image-preview:large, max-video-preview:-1\" \/>\n<link rel=\"canonical\" href=\"https:\/\/locvalloire.com\/index.php\/contact\/\" \/>\n<meta property=\"og:locale\" content=\"fr_FR\" \/>\n<meta property=\"og:type\" content=\"article\" \/>\n<meta property=\"og:title\" content=\"contact - LocValloire\" \/>\n<meta property=\"og:description\" content=\"Vos vacances \u00e0 la montagne. Valloire station village savoyarde. Location pied des pistes. Piscine chauff\u00e9e. Ski, animation, concerts ...\" \/>\n<meta property=\"og:url\" content=\"https:\/\/locvalloire.com\/index.php\/contact\/\" \/>\n<meta property=\"og:site_name\" content=\"LocValloire\" \/>\n<meta property=\"article:modified_time\" content=\"2023-12-14T14:04:51+00:00\" \/>\n<meta name=\"twitter:card\" content=\"summary_large_image\" \/>\n<meta name=\"twitter:label1\" content=\"Dur\u00e9e de lecture estim\u00e9e\" \/>\n\t<meta name=\"twitter:data1\" content=\"1 minute\" \/>\n<script type=\"application\/ld+json\" class=\"yoast-schema-graph\">{\"@context\":\"https:\/\/schema.org\",\"@graph\":[{\"@type\":\"WebPage\",\"@id\":\"https:\/\/locvalloire.com\/index.php\/contact\/\",\"url\":\"https:\/\/locvalloire.com\/index.php\/contact\/\",\"name\":\"contact - LocValloire\",\"isPartOf\":{\"@id\":\"https:\/\/locvalloire.com\/#website\"},\"datePublished\":\"2022-05-17T08:38:25+00:00\",\"dateModified\":\"2023-12-14T14:04:51+00:00\",\"description\":\"Vos vacances \u00e0 la montagne. Valloire station village savoyarde. Location pied des pistes. Piscine chauff\u00e9e. Ski, animation, concerts ...\",\"breadcrumb\":{\"@id\":\"https:\/\/locvalloire.com\/index.php\/contact\/#breadcrumb\"},\"inLanguage\":\"fr-FR\",\"potentialAction\":[{\"@type\":\"ReadAction\",\"target\":[\"https:\/\/locvalloire.com\/index.php\/contact\/\"]}]},{\"@type\":\"BreadcrumbList\",\"@id\":\"https:\/\/locvalloire.com\/index.php\/contact\/#breadcrumb\",\"itemListElement\":[{\"@type\":\"ListItem\",\"position\":1,\"name\":\"Accueil\",\"item\":\"https:\/\/locvalloire.com\/\"},{\"@type\":\"ListItem\",\"position\":2,\"name\":\"contact\"}]},{\"@type\":\"WebSite\",\"@id\":\"https:\/\/locvalloire.com\/#website\",\"url\":\"https:\/\/locvalloire.com\/\",\"name\":\"LocValloire\",\"description\":\"Vos vacances \u00e0 Valloire\",\"potentialAction\":[{\"@type\":\"SearchAction\",\"target\":{\"@type\":\"EntryPoint\",\"urlTemplate\":\"https:\/\/locvalloire.com\/?s={search_term_string}\"},\"query-input\":{\"@type\":\"PropertyValueSpecification\",\"valueRequired\":true,\"valueName\":\"search_term_string\"}}],\"inLanguage\":\"fr-FR\"}]}<\/script>\n<!-- \/ Yoast SEO plugin. -->","yoast_head_json":{"title":"contact - LocValloire","description":"Vos vacances \u00e0 la montagne. Valloire station village savoyarde. Location pied des pistes. Piscine chauff\u00e9e. Ski, animation, concerts ...","robots":{"index":"index","follow":"follow","max-snippet":"max-snippet:-1","max-image-preview":"max-image-preview:large","max-video-preview":"max-video-preview:-1"},"canonical":"https:\/\/locvalloire.com\/index.php\/contact\/","og_locale":"fr_FR","og_type":"article","og_title":"contact - LocValloire","og_description":"Vos vacances \u00e0 la montagne. Valloire station village savoyarde. Location pied des pistes. Piscine chauff\u00e9e. Ski, animation, concerts ...","og_url":"https:\/\/locvalloire.com\/index.php\/contact\/","og_site_name":"LocValloire","article_modified_time":"2023-12-14T14:04:51+00:00","twitter_card":"summary_large_image","twitter_misc":{"Dur\u00e9e de lecture estim\u00e9e":"1 minute"},"schema":{"@context":"https:\/\/schema.org","@graph":[{"@type":"WebPage","@id":"https:\/\/locvalloire.com\/index.php\/contact\/","url":"https:\/\/locvalloire.com\/index.php\/contact\/","name":"contact - LocValloire","isPartOf":{"@id":"https:\/\/locvalloire.com\/#website"},"datePublished":"2022-05-17T08:38:25+00:00","dateModified":"2023-12-14T14:04:51+00:00","description":"Vos vacances \u00e0 la montagne. Valloire station village savoyarde. Location pied des pistes. Piscine chauff\u00e9e. Ski, animation, concerts ...","breadcrumb":{"@id":"https:\/\/locvalloire.com\/index.php\/contact\/#breadcrumb"},"inLanguage":"fr-FR","potentialAction":[{"@type":"ReadAction","target":["https:\/\/locvalloire.com\/index.php\/contact\/"]}]},{"@type":"BreadcrumbList","@id":"https:\/\/locvalloire.com\/index.php\/contact\/#breadcrumb","itemListElement":[{"@type":"ListItem","position":1,"name":"Accueil","item":"https:\/\/locvalloire.com\/"},{"@type":"ListItem","position":2,"name":"contact"}]},{"@type":"WebSite","@id":"https:\/\/locvalloire.com\/#website","url":"https:\/\/locvalloire.com\/","name":"LocValloire","description":"Vos vacances \u00e0 Valloire","potentialAction":[{"@type":"SearchAction","target":{"@type":"EntryPoint","urlTemplate":"https:\/\/locvalloire.com\/?s={search_term_string}"},"query-input":{"@type":"PropertyValueSpecification","valueRequired":true,"valueName":"search_term_string"}}],"inLanguage":"fr-FR"}]}},"_links":{"self":[{"href":"https:\/\/locvalloire.com\/index.php\/wp-json\/wp\/v2\/pages\/18","targetHints":{"allow":["GET"]}}],"collection":[{"href":"https:\/\/locvalloire.com\/index.php\/wp-json\/wp\/v2\/pages"}],"about":[{"href":"https:\/\/locvalloire.com\/index.php\/wp-json\/wp\/v2\/types\/page"}],"author":[{"embeddable":true,"href":"https:\/\/locvalloire.com\/index.php\/wp-json\/wp\/v2\/users\/1"}],"replies":[{"embeddable":true,"href":"https:\/\/locvalloire.com\/index.php\/wp-json\/wp\/v2\/comments?post=18"}],"version-history":[{"count":29,"href":"https:\/\/locvalloire.com\/index.php\/wp-json\/wp\/v2\/pages\/18\/revisions"}],"predecessor-version":[{"id":5929,"href":"https:\/\/locvalloire.com\/index.php\/wp-json\/wp\/v2\/pages\/18\/revisions\/5929"}],"wp:attachment":[{"href":"https:\/\/locvalloire.com\/index.php\/wp-json\/wp\/v2\/media?parent=18"}],"curies":[{"name":"wp","href":"https:\/\/api.w.org\/{rel}","templated":true}]}}